{"id":36,"date":"2011-08-10T09:19:59","date_gmt":"2011-08-10T09:19:59","guid":{"rendered":"http:\/\/www.michihenomon.de\/wp\/?page_id=36"},"modified":"2022-04-10T14:21:39","modified_gmt":"2022-04-10T14:21:39","slug":"geschichte","status":"publish","type":"page","link":"https:\/\/www.michihenomon.de\/?page_id=36","title":{"rendered":"Geschichte"},"content":{"rendered":"<p style=\"padding-left: 40px;\">Der Verein f\u00fcr Shotokan Karate \u201emichi he no mon\u201c ist hervorgegangen aus einer Abteilung des ehemaligen \u201eTurnvereins Oranienburg\u201c, der sich ca. 1990 gegr\u00fcndet hatte. Mit Aufl\u00f6sung des Turnvereins Oranienburg haben sich die Karateka entschlossen, einen eigenen Verein zu gr\u00fcnden und mit dem 25. M\u00e4rz 1997 begann die Geschichte des \u201emichi he no mon\u201c.<\/p>\n<p>Die Mitglieder sind ihrer Gruppe treu geblieben, gingen mit neuen Ideen ans Werk und so ist die \u00dcbersetzung des Namens Programm geworden: \u201eTor zum Weg\u201c. In unserem Verein kann jedes Mitglied nach seinen F\u00e4higkeiten und M\u00f6glichkeiten trainieren. Hier beginnt der Weg. Ein Weg der nie zu Ende sein wird.<\/p>\n<p>Nat\u00fcrlich sind wir nicht allein, sondern treffen uns mit befreundeten Vereinen zu Lehrg\u00e4ngen in ganz Deutschland.<\/p>\n<p>Vieles hat sich im Laufe der Jahre ver\u00e4ndert. Die Qualit\u00e4t des Trainings hat sich kontinuierlich und mit gro\u00dfen Schritten positiv entwickelt, zum einen weil die Trainer regelm\u00e4\u00dfig geschult werden und zum anderen weil die Meister regelm\u00e4\u00dfig zu uns kommen, um ihr Wissen weiterzugeben und nat\u00fcrlich auch um Pr\u00fcfungen abzunehmen.<\/p>\n<p>Die Kendogruppe wurde im Herbst 2004 gegr\u00fcndet.<\/p>\n<p>Seit Oktober 2005 haben wir nun auch eine Gruppe die Taichi trainiert.<\/p>\n","protected":false},"excerpt":{"rendered":"<p>Der Verein f\u00fcr Shotokan Karate \u201emichi he no mon\u201c ist hervorgegangen aus einer Abteilung des ehemaligen \u201eTurnvereins Oranienburg\u201c, der sich ca. 1990 gegr\u00fcndet hatte. Mit Aufl\u00f6sung des Turnvereins Oranienburg haben sich die Karateka entschlossen, einen eigenen Verein zu gr\u00fcnden und mit dem 25. M\u00e4rz 1997 begann die Geschichte des \u201emichi he no mon\u201c. Die Mitglieder&#8230;<\/p>\n","protected":false},"author":1,"featured_media":0,"parent":592,"menu_order":0,"comment_status":"closed","ping_status":"open","template":"","meta":{"ngg_post_thumbnail":0,"footnotes":""},"class_list":["post-36","page","type-page","status-publish","hentry"],"_links":{"self":[{"href":"https:\/\/www.michihenomon.de\/index.php?rest_route=\/wp\/v2\/pages\/36","targetHints":{"allow":["GET"]}}],"collection":[{"href":"https:\/\/www.michihenomon.de\/index.php?rest_route=\/wp\/v2\/pages"}],"about":[{"href":"https:\/\/www.michihenomon.de\/index.php?rest_route=\/wp\/v2\/types\/page"}],"author":[{"embeddable":true,"href":"https:\/\/www.michihenomon.de\/index.php?rest_route=\/wp\/v2\/users\/1"}],"replies":[{"embeddable":true,"href":"https:\/\/www.michihenomon.de\/index.php?rest_route=%2Fwp%2Fv2%2Fcomments&post=36"}],"version-history":[{"count":8,"href":"https:\/\/www.michihenomon.de\/index.php?rest_route=\/wp\/v2\/pages\/36\/revisions"}],"predecessor-version":[{"id":6922,"href":"https:\/\/www.michihenomon.de\/index.php?rest_route=\/wp\/v2\/pages\/36\/revisions\/6922"}],"up":[{"embeddable":true,"href":"https:\/\/www.michihenomon.de\/index.php?rest_route=\/wp\/v2\/pages\/592"}],"wp:attachment":[{"href":"https:\/\/www.michihenomon.de\/index.php?rest_route=%2Fwp%2Fv2%2Fmedia&parent=36"}],"curies":[{"name":"wp","href":"https:\/\/api.w.org\/{rel}","templated":true}]}}