{"id":53,"date":"2011-08-10T09:37:53","date_gmt":"2011-08-10T09:37:53","guid":{"rendered":"http:\/\/www.michihenomon.de\/wp\/?page_id=53"},"modified":"2022-04-10T14:19:54","modified_gmt":"2022-04-10T14:19:54","slug":"gebuhrenordnung","status":"publish","type":"page","link":"https:\/\/www.michihenomon.de\/?page_id=53","title":{"rendered":"Geb\u00fchrenordnung"},"content":{"rendered":"<p style=\"text-align: justify;\"><span style=\"font-family: Times New Roman,serif;\"><span style=\"font-size: medium;\"><strong>Beitrags- und Geb\u00fchrenordnung<\/strong><\/span><\/span><\/p>\n<p style=\"text-align: justify;\"><a href=\"http:\/\/www.michihenomon.de\/uploads\/BeiGebOrdnun_2011_michihenomon.pdf\">Dokument als PDF<\/a><\/p>\n<p style=\"text-align: justify;\">Zur Erf\u00fcllung seiner satzungsgem\u00e4\u00dfen Aufgaben erhebt der MKV von seinen Mitgliedern folgende Beitr\u00e4ge und Geb\u00fchren:<\/p>\n<p style=\"text-align: justify;\"><strong>1. Aufnahmegeb\u00fchr<\/strong><\/p>\n<p style=\"text-align: justify;\">Die Aufnahmegeb\u00fchr betr\u00e4gt f\u00fcr alle 15,00 \u20ac<\/p>\n<p style=\"text-align: justify;\"><strong>2. Monatsbeitr\u00e4ge<\/strong><\/p>\n<h2 style=\"text-align: justify;\">Karate<\/h2>\n<p style=\"text-align: justify;\">bis 18 Jahre, Studenten und Arbeitslose 20,00 \u20ac<\/p>\n<p style=\"text-align: justify;\">ab 18 Jahre 25,00 \u20ac<\/p>\n<p style=\"text-align: justify;\">In sozialen H\u00e4rtef\u00e4llen kann nach Antrag an den Vorstand ein abweichender Betrag festgelegt werden.<\/p>\n<p style=\"text-align: justify;\">Den Mitgliedsbeitrag schuldet das Mitglied unabh\u00e4ngig von seiner tats\u00e4chlichen Teilnahme am Training. Bei l\u00e4nger andauernder Krankheit kann das Mitglied eine ruhende Mitgliedschaft beantragen.<\/p>\n<p style=\"text-align: justify;\"><strong>3. Ruhende Mitgliedschaft<\/strong><\/p>\n<p style=\"text-align: justify;\">Der Beitrag f\u00fcr die ruhende Mitgliedschaft betr\u00e4gt 2,00 \u20ac monatlich und kann au\u00dfer bei Krankheit erst nach einer Antragsfrist von vier Wochen zum Monatsende erwirkt werden.<\/p>\n<p style=\"text-align: justify;\"><strong>4. K\u00fcndigung<\/strong><\/p>\n<p style=\"text-align: justify;\">Die K\u00fcndigungsfrist betr\u00e4gt vier Wochen zum Monatsende und kann nicht r\u00fcckwirkend gew\u00e4hrt werden.<\/p>\n<p style=\"text-align: justify;\"><strong>5. Trainingslager <\/strong><\/p>\n<p style=\"text-align: justify;\">Zur Ausrichtung von Trainingslagern im Rahmen der Feriengestaltung beh\u00e4lt sich der MKV eine Trainingslagergeb\u00fchr vor.<\/p>\n<h2 style=\"text-align: justify;\">Bankverbindung<\/h2>\n<p style=\"text-align: justify;\">Kontoinhaber michihenomon e. v.<\/p>\n<p style=\"text-align: justify;\">Kontoverbindung MBS Potsdam<\/p>\n<p style=\"text-align: justify;\">DE26 1605 0000&nbsp;<strong>3740 0129 85<\/strong><\/p>\n<p style=\"text-align: justify;\"><strong>Der Veranstalter \u00fcbernimmt keine Haftung.<\/strong><\/p>\n","protected":false},"excerpt":{"rendered":"<p>Beitrags- und Geb\u00fchrenordnung Dokument als PDF Zur Erf\u00fcllung seiner satzungsgem\u00e4\u00dfen Aufgaben erhebt der MKV von seinen Mitgliedern folgende Beitr\u00e4ge und Geb\u00fchren: 1. Aufnahmegeb\u00fchr Die Aufnahmegeb\u00fchr betr\u00e4gt f\u00fcr alle 15,00 \u20ac 2. Monatsbeitr\u00e4ge Karate bis 18 Jahre, Studenten und Arbeitslose 20,00 \u20ac ab 18 Jahre 25,00 \u20ac In sozialen H\u00e4rtef\u00e4llen kann nach Antrag an den Vorstand&#8230;<\/p>\n","protected":false},"author":1,"featured_media":0,"parent":592,"menu_order":0,"comment_status":"closed","ping_status":"open","template":"","meta":{"ngg_post_thumbnail":0,"footnotes":""},"class_list":["post-53","page","type-page","status-publish","hentry"],"_links":{"self":[{"href":"https:\/\/www.michihenomon.de\/index.php?rest_route=\/wp\/v2\/pages\/53","targetHints":{"allow":["GET"]}}],"collection":[{"href":"https:\/\/www.michihenomon.de\/index.php?rest_route=\/wp\/v2\/pages"}],"about":[{"href":"https:\/\/www.michihenomon.de\/index.php?rest_route=\/wp\/v2\/types\/page"}],"author":[{"embeddable":true,"href":"https:\/\/www.michihenomon.de\/index.php?rest_route=\/wp\/v2\/users\/1"}],"replies":[{"embeddable":true,"href":"https:\/\/www.michihenomon.de\/index.php?rest_route=%2Fwp%2Fv2%2Fcomments&post=53"}],"version-history":[{"count":11,"href":"https:\/\/www.michihenomon.de\/index.php?rest_route=\/wp\/v2\/pages\/53\/revisions"}],"predecessor-version":[{"id":7154,"href":"https:\/\/www.michihenomon.de\/index.php?rest_route=\/wp\/v2\/pages\/53\/revisions\/7154"}],"up":[{"embeddable":true,"href":"https:\/\/www.michihenomon.de\/index.php?rest_route=\/wp\/v2\/pages\/592"}],"wp:attachment":[{"href":"https:\/\/www.michihenomon.de\/index.php?rest_route=%2Fwp%2Fv2%2Fmedia&parent=53"}],"curies":[{"name":"wp","href":"https:\/\/api.w.org\/{rel}","templated":true}]}}