{"id":667,"date":"2015-12-25T13:11:14","date_gmt":"2015-12-25T13:11:14","guid":{"rendered":"http:\/\/www.michihenomon.de\/?page_id=667"},"modified":"2021-12-29T12:35:49","modified_gmt":"2021-12-29T12:35:49","slug":"online-shop","status":"publish","type":"page","link":"https:\/\/www.michihenomon.de\/?page_id=667","title":{"rendered":"Online Shop"},"content":{"rendered":"\n<p>Hier findet ihr unsere Auswahl an Vereinsbekleidung. Das Vereinsgef\u00fchl spielt eine wichtige Rolle, denn wir wollen zeigen wer wir sind und was wir k\u00f6nnen. Diese Seite ist also f\u00fcr jeden gedacht, der dabei helfen will! Vereinsartikel geh\u00f6ren genau so dazu, wie regelm\u00e4\u00dfiges Training und Feste. Sie eignen sich Prima f\u00fcr den privaten Gebrauch, aber auch f\u00fcr Lehrg\u00e4nge. Wir machen durch den Verkauf keinen Profit.<\/p>\n\n\n\n<div class=\"wp-block-buttons is-layout-flex wp-block-buttons-is-layout-flex\">\n<div class=\"wp-block-button\"><a class=\"wp-block-button__link\" href=\"https:\/\/michihenomon-shop.myspreadshop.de\" target=\"_blank\" rel=\"noreferrer noopener\">michihenomon@spreadshirt<\/a><\/div>\n<\/div>\n\n\n\n<p>Abgewickelt wird dieses Angebot als Onlineshop \u00fcber den Anbieter <a href=\"http:\/\/shop.spreadshirt.de\/michihenomon\/\">Spreadshirt.de<\/a>. Alle Rechte \u00fcber unsere Designes liegen bei uns. Jeder ist eingeladen unsere Kleidungsst\u00fccke zu bestellen. Dieses Angebot gilt vor allem f\u00fcr unsere Mitglieder und solche die es werden wollen. Wir w\u00fcnschen viel Spa\u00df.<\/p>\n\n\n\n<p>Bei Anregungen, Ideen und Feedback meldet euch bitte bei Falk und S\u00f6ren.<\/p>\n\n\n\n<p><\/p>\n","protected":false},"excerpt":{"rendered":"<p>Hier findet ihr unsere Auswahl an Vereinsbekleidung. Das Vereinsgef\u00fchl spielt eine wichtige Rolle, denn wir wollen zeigen wer wir sind und was wir k\u00f6nnen. Diese Seite ist also f\u00fcr jeden gedacht, der dabei helfen will! Vereinsartikel geh\u00f6ren genau so dazu, wie regelm\u00e4\u00dfiges Training und Feste. Sie eignen sich Prima f\u00fcr den privaten Gebrauch, aber auch&#8230;<\/p>\n","protected":false},"author":6,"featured_media":0,"parent":0,"menu_order":10,"comment_status":"closed","ping_status":"closed","template":"","meta":{"ngg_post_thumbnail":0,"footnotes":""},"class_list":["post-667","page","type-page","status-publish","hentry"],"_links":{"self":[{"href":"https:\/\/www.michihenomon.de\/index.php?rest_route=\/wp\/v2\/pages\/667","targetHints":{"allow":["GET"]}}],"collection":[{"href":"https:\/\/www.michihenomon.de\/index.php?rest_route=\/wp\/v2\/pages"}],"about":[{"href":"https:\/\/www.michihenomon.de\/index.php?rest_route=\/wp\/v2\/types\/page"}],"author":[{"embeddable":true,"href":"https:\/\/www.michihenomon.de\/index.php?rest_route=\/wp\/v2\/users\/6"}],"replies":[{"embeddable":true,"href":"https:\/\/www.michihenomon.de\/index.php?rest_route=%2Fwp%2Fv2%2Fcomments&post=667"}],"version-history":[{"count":26,"href":"https:\/\/www.michihenomon.de\/index.php?rest_route=\/wp\/v2\/pages\/667\/revisions"}],"predecessor-version":[{"id":7126,"href":"https:\/\/www.michihenomon.de\/index.php?rest_route=\/wp\/v2\/pages\/667\/revisions\/7126"}],"wp:attachment":[{"href":"https:\/\/www.michihenomon.de\/index.php?rest_route=%2Fwp%2Fv2%2Fmedia&parent=667"}],"curies":[{"name":"wp","href":"https:\/\/api.w.org\/{rel}","templated":true}]}}