{"id":71,"date":"2012-01-01T15:17:39","date_gmt":"2012-01-01T15:17:39","guid":{"rendered":"http:\/\/www.michihenomon.de\/wp\/?page_id=71"},"modified":"2021-10-22T07:42:21","modified_gmt":"2021-10-22T07:42:21","slug":"veranstaltungen","status":"publish","type":"page","link":"https:\/\/www.michihenomon.de\/?page_id=71","title":{"rendered":"Termine"},"content":{"rendered":"<p>Hier findet ihr ein paar Termine f\u00fcr Lehrg\u00e4nge, Wettk\u00e4mpfe und Vereinstermine<\/p>\n<p>Weitere Termine findet ihr unter<\/p>\n<ul>\n<li><a href=\"https:\/\/www.kdb-brandenburg.de\/kalender\/termine\">https:\/\/www.kdb-brandenburg.de\/kalender\/termine<\/a><\/li>\n<li><a href=\"https:\/\/www.karate.de\/de\/termine\/index.php\">https:\/\/www.karate.de\/de\/termine\/index.php<\/a><\/li>\n<li><a href=\"https:\/\/www.sv-tora.de\/terminuebersicht\/\">https:\/\/www.sv-tora.de\/terminuebersicht\/<\/a><\/li>\n<\/ul>\n<div style=\"direction: ltr;\">&nbsp;<\/div>\n\n\n<p><\/p>\n","protected":false},"excerpt":{"rendered":"<p>Hier findet ihr ein paar Termine f\u00fcr Lehrg\u00e4nge, Wettk\u00e4mpfe und Vereinstermine Weitere Termine findet ihr unter https:\/\/www.kdb-brandenburg.de\/kalender\/termine https:\/\/www.karate.de\/de\/termine\/index.php https:\/\/www.sv-tora.de\/terminuebersicht\/ &nbsp;<\/p>\n","protected":false},"author":1,"featured_media":714,"parent":0,"menu_order":2,"comment_status":"closed","ping_status":"open","template":"","meta":{"ngg_post_thumbnail":0,"footnotes":""},"class_list":["post-71","page","type-page","status-publish","has-post-thumbnail","hentry"],"_links":{"self":[{"href":"https:\/\/www.michihenomon.de\/index.php?rest_route=\/wp\/v2\/pages\/71","targetHints":{"allow":["GET"]}}],"collection":[{"href":"https:\/\/www.michihenomon.de\/index.php?rest_route=\/wp\/v2\/pages"}],"about":[{"href":"https:\/\/www.michihenomon.de\/index.php?rest_route=\/wp\/v2\/types\/page"}],"author":[{"embeddable":true,"href":"https:\/\/www.michihenomon.de\/index.php?rest_route=\/wp\/v2\/users\/1"}],"replies":[{"embeddable":true,"href":"https:\/\/www.michihenomon.de\/index.php?rest_route=%2Fwp%2Fv2%2Fcomments&post=71"}],"version-history":[{"count":85,"href":"https:\/\/www.michihenomon.de\/index.php?rest_route=\/wp\/v2\/pages\/71\/revisions"}],"predecessor-version":[{"id":7101,"href":"https:\/\/www.michihenomon.de\/index.php?rest_route=\/wp\/v2\/pages\/71\/revisions\/7101"}],"wp:featuredmedia":[{"embeddable":true,"href":"https:\/\/www.michihenomon.de\/index.php?rest_route=\/wp\/v2\/media\/714"}],"wp:attachment":[{"href":"https:\/\/www.michihenomon.de\/index.php?rest_route=%2Fwp%2Fv2%2Fmedia&parent=71"}],"curies":[{"name":"wp","href":"https:\/\/api.w.org\/{rel}","templated":true}]}}